{"id":270,"date":"2017-06-20T21:29:55","date_gmt":"2017-06-20T19:29:55","guid":{"rendered":"https:\/\/www.wachenhausen-law.com\/\/impressum\/"},"modified":"2026-04-01T09:34:46","modified_gmt":"2026-04-01T07:34:46","slug":"imprint","status":"publish","type":"page","link":"https:\/\/www.dienemann-legal.com\/en\/imprint\/","title":{"rendered":"Imprint"},"content":{"rendered":"<p>Dienemann Rechtsanw\u00e4lte<br \/>\nSusanna Theresa Dienemann<br \/>\nHansestra\u00dfe 45<br \/>\n23558 L\u00fcbeck<br \/>\nTelefon: +49 451 31 70 260-0<br \/>\nTelefax: +49 451 31 70 260-10<br \/>\n<a href=\"&#109;&#x61;i&#108;&#x74;o&#58;&#x69;n&#x66;&#x6f;&#64;&#x64;i&#101;&#x6e;e&#109;&#x61;n&#x6e;&#x2d;&#108;&#x65;&#x67;&#97;&#x6c;&#46;&#99;&#x6f;m\">&#x6f;&#102;&#102;&#x69;&#x63;&#101;&#64;&#x64;&#x69;&#101;&#110;&#x65;&#x6d;&#97;&#110;&#x6e;&#x2d;&#108;&#101;&#x67;&#x61;&#108;&#46;&#x63;&#x6f;&#109;<\/a><br \/>\nwww.dienemann-legal.com<\/p>\n<hr \/>\n<p><strong>Name:<\/strong><br \/>\nDienemann Rechtsanw\u00e4lte<\/p>\n<p><strong>Inhaberin:<\/strong><br \/>\nSusanna Theresa Dienemann<\/p>\n<p><strong>Umsatzsteueridentifikationsnr. gem. \u00a7 27a UStG:<\/strong><br \/>\nDE<\/p>\n<p>&nbsp;<\/p>\n<p>Alle bei uns t\u00e4tigen Rechtsanw\u00e4lte (Bundesrepublik Deutschland) sind Mitglieder der Schleswig-Holsteinischen Rechtsanwaltskammer, Gottorfstra\u00dfe 13, 24837 Schleswig. F\u00fcr unsere Berufst\u00e4tigkeit gelten folgende Berufs- und Geb\u00fchrenordnungen:<\/p>\n<p>\u2022 Bundesrechtsanwaltsordnung (BRAO)<br \/>\n\u2022 Berufsordnung f\u00fcr Rechtsanw\u00e4lte (BORA)<br \/>\n\u2022 Berufsregeln der Rechtsanw\u00e4lte der Europ\u00e4ischen Union (CCBE)<br \/>\n\u2022 Rechtsanwaltsverg\u00fctungsgesetzes (RVG)<\/p>\n<p>Sie finden alle berufsrechtlichen Regelungen auf der Homepage der Bundesrechtsanwaltskammer (www.brak.de\/seiten\/06.php).<\/p>\n<p>&nbsp;<\/p>\n<h3>Berufshaftpflichtversicherung gem. \u00a7 51 BRAO<\/h3>\n<p>Die Berufshaftpflichtversicherung besteht \u00fcber die Gothaer Allgemeine Versicherung AG, Gothaer Allee 1, 50969 K\u00f6ln<\/p>\n<p>R\u00e4umlicher Geltungsbereich: weltweit<\/p>\n<p>&nbsp;<\/p>\n<h3>Streitschlichtungsverfahren<\/h3>\n<p>Bei Streitigkeiten zwischen Rechtsanw\u00e4lten und ihren Auftraggebern besteht auf Antrag die M\u00f6glichkeit der au\u00dfergerichtlichen Streitschlichtung bei der Schleswig-Holsteinischen Rechtsanwaltskammer, Gottorfstra\u00dfe 13, 24837 Schleswig, (gem. \u00a7\u00a073 Abs.\u00a02 Nr.\u00a03 i.\u00a0V.\u00a0m. \u00a7\u00a073 Abs.\u00a05\u00a0BRAO) oder bei der Schlichtungsstelle der Rechtsanwaltschaft (\u00a7\u00a0191\u00a0f. BRAO) bei der Bundesrechtsanwaltskammer, im Internet zu finden \u00fcber die Website der Bundesrechtsanwaltskammer (www.brak.de), E-Mail: S&#99;&#x68;&#x6c;i&#99;&#104;&#x74;&#x75;n&#103;&#x73;&#x73;t&#101;&#108;&#x6c;&#x65;&#64;&#98;&#x72;&#x61;k&#46;&#100;&#x65;<\/p>\n<p>&nbsp;<\/p>\n<h3>Disclaimer<\/h3>\n<p>Die Angaben auf dieser Website erfolgen nur zu allgemeinen Informationszwecken und dienen der Darstellung der Kanzlei Dienemann Rechtsanw\u00e4lte. Sie stellen weder eine rechtliche Beratung dar noch k\u00f6nnen sie diese ersetzen.<\/p>\n<p>Die Kanzlei Dienemann Rechtsanw\u00e4lte \u00fcbernimmt keine Gew\u00e4hr f\u00fcr die Richtigkeit, Vollst\u00e4ndigkeit und Aktualit\u00e4t der bereitgestellten Informationen. Dies gilt ebenso f\u00fcr die Inhalte externer Websites, auf die diese Website durch Links oder in sonstiger Weise verweist.<\/p>\n<p>&nbsp;<\/p>\n<p><strong>Verantwortlich f\u00fcr den Inhalt gem. \u00a7 55 Abs. 2 RStV<\/strong><br \/>\nSusanna Dienemann<br \/>\nHansestra\u00dfe 45<br \/>\n23558 L\u00fcbeck<\/p>\n<p>Telefon: +49 451 31 70 260-0<br \/>\nTelefax: +49 451 31 70 260-10<br \/>\nE-Mail: &#111;&#x66;&#x66;i&#99;&#x65;&#x40;d&#105;&#x65;n&#101;&#x6d;&#x61;n&#110;&#x2d;l&#101;&#x67;&#x61;l&#46;&#x63;&#x6f;&#109;<\/p>\n<p><strong>Design und Programmierung<\/strong><br \/>\n<a href=\"http:\/\/variante-b.de\" target=\"_blank\" rel=\"noopener noreferrer\">VARIANTE B | Code &amp; Design Studio Berlin<\/a><\/p>\n<p><strong>Fotos:<\/strong><br \/>\n<a href=\"http:\/\/www.hendrik-lueders.de\/\" target=\"_blank\" rel=\"noopener noreferrer\">Hendrik L\u00fcders<\/a><\/p>\n<p><strong>Stockphotos:<\/strong><br \/>\nShutterstock<\/p>\n","protected":false},"excerpt":{"rendered":"<p>Dienemann Rechtsanw\u00e4lte Susanna Theresa Dienemann Hansestra\u00dfe 45 23558 L\u00fcbeck Telefon: +49 451 31 70 260-0 Telefax: +49 451 31 70 260-10 o&#102;&#x66;&#x69;&#x63;e&#64;&#x64;&#x69;&#x65;n&#101;&#x6d;&#x61;&#x6e;n&#45;&#x6c;&#x65;&#x67;a&#108;&#x2e;&#x63;&#x6f;m www.dienemann-legal.com Name: Dienemann Rechtsanw\u00e4lte Inhaberin: Susanna Theresa Dienemann Umsatzsteueridentifikationsnr. gem. \u00a7 27a UStG: DE &nbsp; Alle bei uns t\u00e4tigen Rechtsanw\u00e4lte (Bundesrepublik Deutschland) sind Mitglieder der Schleswig-Holsteinischen Rechtsanwaltskammer, Gottorfstra\u00dfe 13, 24837 Schleswig. F\u00fcr unsere [&hellip;]<\/p>\n","protected":false},"author":1,"featured_media":0,"parent":0,"menu_order":14,"comment_status":"closed","ping_status":"closed","template":"","meta":{"_acf_changed":false,"footnotes":""},"class_list":["post-270","page","type-page","status-publish","hentry"],"acf":[],"yoast_head":"<!-- This site is optimized with the Yoast SEO plugin v27.4 - https:\/\/yoast.com\/product\/yoast-seo-wordpress\/ -->\n<title>Imprint - Dienemann Rechtsanw\u00e4lte \u2013 Pharma &amp; MedTech Law<\/title>\n<meta name=\"robots\" content=\"index, follow, max-snippet:-1, max-image-preview:large, max-video-preview:-1\" \/>\n<link rel=\"canonical\" href=\"https:\/\/www.dienemann-legal.com\/en\/imprint\/\" \/>\n<meta property=\"og:locale\" content=\"en_US\" \/>\n<meta property=\"og:type\" content=\"article\" \/>\n<meta property=\"og:title\" content=\"Imprint - Dienemann Rechtsanw\u00e4lte \u2013 Pharma &amp; MedTech Law\" \/>\n<meta property=\"og:description\" content=\"Dienemann Rechtsanw\u00e4lte Susanna Theresa Dienemann Hansestra\u00dfe 45 23558 L\u00fcbeck Telefon: +49 451 31 70 260-0 Telefax: +49 451 31 70 260-10 &#x6f;&#x66;&#x66;&#x69;&#x63;&#x65;&#x40;&#x64;&#x69;&#x65;&#x6e;&#x65;&#x6d;&#x61;&#x6e;&#x6e;&#x2d;&#x6c;&#x65;&#x67;&#x61;&#x6c;&#x2e;&#x63;&#x6f;&#x6d; www.dienemann-legal.com Name: Dienemann Rechtsanw\u00e4lte Inhaberin: Susanna Theresa Dienemann Umsatzsteueridentifikationsnr. gem. \u00a7 27a UStG: DE &nbsp; Alle bei uns t\u00e4tigen Rechtsanw\u00e4lte (Bundesrepublik Deutschland) sind Mitglieder der Schleswig-Holsteinischen Rechtsanwaltskammer, Gottorfstra\u00dfe 13, 24837 Schleswig. F\u00fcr unsere [&hellip;]\" \/>\n<meta property=\"og:url\" content=\"https:\/\/www.dienemann-legal.com\/en\/imprint\/\" \/>\n<meta property=\"og:site_name\" content=\"Dienemann Rechtsanw\u00e4lte \u2013 Pharma &amp; MedTech Law\" \/>\n<meta property=\"article:modified_time\" content=\"2026-04-01T07:34:46+00:00\" \/>\n<meta name=\"twitter:card\" content=\"summary_large_image\" \/>\n<meta name=\"twitter:label1\" content=\"Est. reading time\" \/>\n\t<meta name=\"twitter:data1\" content=\"2 minutes\" \/>\n<script type=\"application\/ld+json\" class=\"yoast-schema-graph\">{\"@context\":\"https:\\\/\\\/schema.org\",\"@graph\":[{\"@type\":\"WebPage\",\"@id\":\"https:\\\/\\\/www.dienemann-legal.com\\\/en\\\/imprint\\\/\",\"url\":\"https:\\\/\\\/www.dienemann-legal.com\\\/en\\\/imprint\\\/\",\"name\":\"Imprint - Dienemann Rechtsanw\u00e4lte \u2013 Pharma &amp; MedTech Law\",\"isPartOf\":{\"@id\":\"https:\\\/\\\/www.dienemann-legal.com\\\/en\\\/#website\"},\"datePublished\":\"2017-06-20T19:29:55+00:00\",\"dateModified\":\"2026-04-01T07:34:46+00:00\",\"breadcrumb\":{\"@id\":\"https:\\\/\\\/www.dienemann-legal.com\\\/en\\\/imprint\\\/#breadcrumb\"},\"inLanguage\":\"en-US\",\"potentialAction\":[{\"@type\":\"ReadAction\",\"target\":[\"https:\\\/\\\/www.dienemann-legal.com\\\/en\\\/imprint\\\/\"]}]},{\"@type\":\"BreadcrumbList\",\"@id\":\"https:\\\/\\\/www.dienemann-legal.com\\\/en\\\/imprint\\\/#breadcrumb\",\"itemListElement\":[{\"@type\":\"ListItem\",\"position\":1,\"name\":\"Startseite\",\"item\":\"https:\\\/\\\/www.dienemann-legal.com\\\/en\\\/\"},{\"@type\":\"ListItem\",\"position\":2,\"name\":\"Imprint\"}]},{\"@type\":\"WebSite\",\"@id\":\"https:\\\/\\\/www.dienemann-legal.com\\\/en\\\/#website\",\"url\":\"https:\\\/\\\/www.dienemann-legal.com\\\/en\\\/\",\"name\":\"Dienemann Rechtsanw\u00e4lte \u2013 Pharma &amp; MedTech Law\",\"description\":\"\",\"potentialAction\":[{\"@type\":\"SearchAction\",\"target\":{\"@type\":\"EntryPoint\",\"urlTemplate\":\"https:\\\/\\\/www.dienemann-legal.com\\\/en\\\/?s={search_term_string}\"},\"query-input\":{\"@type\":\"PropertyValueSpecification\",\"valueRequired\":true,\"valueName\":\"search_term_string\"}}],\"inLanguage\":\"en-US\"}]}<\/script>\n<!-- \/ Yoast SEO plugin. -->","yoast_head_json":{"title":"Imprint - Dienemann Rechtsanw\u00e4lte \u2013 Pharma &amp; MedTech Law","robots":{"index":"index","follow":"follow","max-snippet":"max-snippet:-1","max-image-preview":"max-image-preview:large","max-video-preview":"max-video-preview:-1"},"canonical":"https:\/\/www.dienemann-legal.com\/en\/imprint\/","og_locale":"en_US","og_type":"article","og_title":"Imprint - Dienemann Rechtsanw\u00e4lte \u2013 Pharma &amp; MedTech Law","og_description":"Dienemann Rechtsanw\u00e4lte Susanna Theresa Dienemann Hansestra\u00dfe 45 23558 L\u00fcbeck Telefon: +49 451 31 70 260-0 Telefax: +49 451 31 70 260-10 &#x6f;&#x66;&#x66;&#x69;&#x63;&#x65;&#x40;&#x64;&#x69;&#x65;&#x6e;&#x65;&#x6d;&#x61;&#x6e;&#x6e;&#x2d;&#x6c;&#x65;&#x67;&#x61;&#x6c;&#x2e;&#x63;&#x6f;&#x6d; www.dienemann-legal.com Name: Dienemann Rechtsanw\u00e4lte Inhaberin: Susanna Theresa Dienemann Umsatzsteueridentifikationsnr. gem. \u00a7 27a UStG: DE &nbsp; Alle bei uns t\u00e4tigen Rechtsanw\u00e4lte (Bundesrepublik Deutschland) sind Mitglieder der Schleswig-Holsteinischen Rechtsanwaltskammer, Gottorfstra\u00dfe 13, 24837 Schleswig. F\u00fcr unsere [&hellip;]","og_url":"https:\/\/www.dienemann-legal.com\/en\/imprint\/","og_site_name":"Dienemann Rechtsanw\u00e4lte \u2013 Pharma &amp; MedTech Law","article_modified_time":"2026-04-01T07:34:46+00:00","twitter_card":"summary_large_image","twitter_misc":{"Est. reading time":"2 minutes"},"schema":{"@context":"https:\/\/schema.org","@graph":[{"@type":"WebPage","@id":"https:\/\/www.dienemann-legal.com\/en\/imprint\/","url":"https:\/\/www.dienemann-legal.com\/en\/imprint\/","name":"Imprint - Dienemann Rechtsanw\u00e4lte \u2013 Pharma &amp; MedTech Law","isPartOf":{"@id":"https:\/\/www.dienemann-legal.com\/en\/#website"},"datePublished":"2017-06-20T19:29:55+00:00","dateModified":"2026-04-01T07:34:46+00:00","breadcrumb":{"@id":"https:\/\/www.dienemann-legal.com\/en\/imprint\/#breadcrumb"},"inLanguage":"en-US","potentialAction":[{"@type":"ReadAction","target":["https:\/\/www.dienemann-legal.com\/en\/imprint\/"]}]},{"@type":"BreadcrumbList","@id":"https:\/\/www.dienemann-legal.com\/en\/imprint\/#breadcrumb","itemListElement":[{"@type":"ListItem","position":1,"name":"Startseite","item":"https:\/\/www.dienemann-legal.com\/en\/"},{"@type":"ListItem","position":2,"name":"Imprint"}]},{"@type":"WebSite","@id":"https:\/\/www.dienemann-legal.com\/en\/#website","url":"https:\/\/www.dienemann-legal.com\/en\/","name":"Dienemann Rechtsanw\u00e4lte \u2013 Pharma &amp; MedTech Law","description":"","potentialAction":[{"@type":"SearchAction","target":{"@type":"EntryPoint","urlTemplate":"https:\/\/www.dienemann-legal.com\/en\/?s={search_term_string}"},"query-input":{"@type":"PropertyValueSpecification","valueRequired":true,"valueName":"search_term_string"}}],"inLanguage":"en-US"}]}},"_links":{"self":[{"href":"https:\/\/www.dienemann-legal.com\/en\/wp-json\/wp\/v2\/pages\/270","targetHints":{"allow":["GET"]}}],"collection":[{"href":"https:\/\/www.dienemann-legal.com\/en\/wp-json\/wp\/v2\/pages"}],"about":[{"href":"https:\/\/www.dienemann-legal.com\/en\/wp-json\/wp\/v2\/types\/page"}],"author":[{"embeddable":true,"href":"https:\/\/www.dienemann-legal.com\/en\/wp-json\/wp\/v2\/users\/1"}],"replies":[{"embeddable":true,"href":"https:\/\/www.dienemann-legal.com\/en\/wp-json\/wp\/v2\/comments?post=270"}],"version-history":[{"count":6,"href":"https:\/\/www.dienemann-legal.com\/en\/wp-json\/wp\/v2\/pages\/270\/revisions"}],"predecessor-version":[{"id":5682,"href":"https:\/\/www.dienemann-legal.com\/en\/wp-json\/wp\/v2\/pages\/270\/revisions\/5682"}],"wp:attachment":[{"href":"https:\/\/www.dienemann-legal.com\/en\/wp-json\/wp\/v2\/media?parent=270"}],"curies":[{"name":"wp","href":"https:\/\/api.w.org\/{rel}","templated":true}]}}